{"id":3919,"date":"2024-05-30T10:25:24","date_gmt":"2024-05-30T10:25:24","guid":{"rendered":"https:\/\/www.tensio-actifs.com\/rechtliche-hinweise\/"},"modified":"2024-09-10T13:30:00","modified_gmt":"2024-09-10T13:30:00","slug":"rechtliche-hinweise","status":"publish","type":"page","link":"https:\/\/www.tensio-actifs.com\/de\/rechtliche-hinweise\/","title":{"rendered":"Rechtliche Hinweise"},"content":{"rendered":"<p>[et_pb_section fb_built=&#8220;1&#8243; _builder_version=&#8220;4.25.1&#8243; _module_preset=&#8220;default&#8220; global_colors_info=&#8220;{}&#8220;][et_pb_row _builder_version=&#8220;4.25.1&#8243; _module_preset=&#8220;default&#8220; global_colors_info=&#8220;{}&#8220;][et_pb_column type=&#8220;4_4&#8243; _builder_version=&#8220;4.25.1&#8243; _module_preset=&#8220;default&#8220; global_colors_info=&#8220;{}&#8220;][et_pb_text _builder_version=&#8220;4.25.1&#8243; _module_preset=&#8220;default&#8220; text_font=&#8220;Roboto|700|||||||&#8220; text_text_color=&#8220;#000000&#8243; text_font_size=&#8220;45px&#8220; custom_margin=&#8220;||28px|||&#8220; text_line_height_tablet=&#8220;&#8220; text_line_height_phone=&#8220;1.2em&#8220; text_line_height_last_edited=&#8220;on|phone&#8220; global_colors_info=&#8220;{}&#8220;]<\/p>\n<p>Rechtliche Hinweise<\/p>\n<p>[\/et_pb_text][et_pb_text admin_label=&#8220;Texte&#8220; _builder_version=&#8220;4.25.1&#8243; _module_preset=&#8220;default&#8220; text_font=&#8220;Arial||||||||&#8220; text_text_color=&#8220;#000000&#8243; hover_enabled=&#8220;0&#8243; global_colors_info=&#8220;{}&#8220; sticky_enabled=&#8220;0&#8243;]<\/p>\n<p><span style=\"font-weight: 400;\">  imao parfums\u00ae, AIRO\u00ae und J&amp;M Fragrance sind Marken von Tensio-Active.<br \/>\nimao parfums\u00ae und AIRO\u00ae sind eingetragene Marken. <\/span><span style=\"font-weight: 400;\">.<\/span><\/p>\n<p><span style=\"font-weight: 400;\">Dieser Hinweis soll die Modalit\u00e4ten festlegen, nach denen die Firma Tensio-Actifs ihre Website www.imao-parfums.com zur Verf\u00fcgung stellt und die Bedingungen, unter denen Internetnutzer auf diese Website zugreifen und sie nutzen.<br \/>\nNach Kenntnisnahme dieser rechtlichen Hinweise bedeutet der Zugriff und die Nutzung der Website, dass der Nutzer diesen rechtlichen Hinweisen zustimmt.<br \/>\nDie Firma Tensio-Actifs beh\u00e4lt sich das Recht vor, diesen Hinweis jederzeit zu \u00e4ndern oder zu aktualisieren, um ihn an die Entwicklungen der Website und\/oder ihrer Nutzung anzupassen.  <\/span><\/p>\n<h3><span style=\"font-weight: 400;\">PUBLIKATION<\/span><\/h3>\n<p><span style=\"font-weight: 400;\">Unternehmen Tensio-Aktiva<\/span><\/p>\n<ul>\n<li style=\"font-weight: 400;\" aria-level=\"1\"><span style=\"font-weight: 400;\">7 rue Edison<\/span><span style=\"font-weight: 400;\"><br \/><\/span><span style=\"font-weight: 400;\">69500 Bron<\/span><\/li>\n<li style=\"font-weight: 400;\" aria-level=\"1\"><span style=\"font-weight: 400;\">Tel: +33 4 78 85 00 84<\/span><\/li>\n<li style=\"font-weight: 400;\" aria-level=\"1\"><span style=\"font-weight: 400;\">Fax: +33 4 78 79 26 32<\/span><\/li>\n<li style=\"font-weight: 400;\" aria-level=\"1\"><span style=\"font-weight: 400;\">Siret: 43342583200030<\/span><\/li>\n<\/ul>\n<h3><span style=\"font-weight: 400;\">UNTERKUNFT<\/span><\/h3>\n<p><span style=\"font-weight: 400;\">Unternehmen OVH :<\/span><\/p>\n<ul>\n<li style=\"font-weight: 400;\" aria-level=\"1\"><span style=\"font-weight: 400;\">SAS mit einem Kapital von 10.069.020 \u20ac.<\/span><\/li>\n<li style=\"font-weight: 400;\" aria-level=\"1\"><span style=\"font-weight: 400;\">RCS Lille M\u00e9tropole 424 761 419 00045<\/span><\/li>\n<li style=\"font-weight: 400;\" aria-level=\"1\"><span style=\"font-weight: 400;\">APE-Code 2620Z<\/span><\/li>\n<li style=\"font-weight: 400;\" aria-level=\"1\"><span style=\"font-weight: 400;\">MWST.-NR.: FR 22 424 761 419<\/span><\/li>\n<li style=\"font-weight: 400;\" aria-level=\"1\"><span style=\"font-weight: 400;\">Eingetragener Sitz: 2 rue Kellermann &#8211; 59100 Roubaix &#8211; Frankreich<\/span><\/li>\n<\/ul>\n<h3><span style=\"font-weight: 400;\">INHALT<\/span><\/h3>\n<p><span style=\"font-weight: 400;\">Die Firma Tenso-Aktiv wendet bei der Erstellung und Pflege dieser Website besondere Sorgfalt an und achtet auf die Richtigkeit und Aktualit\u00e4t ihres Inhalts.<br \/>\nDennoch k\u00f6nnen die auf dieser Website dargestellten Elemente ohne vorherige Ank\u00fcndigung h\u00e4ufig ge\u00e4ndert werden.<br \/>\nDie Firma Tensio-Actifs \u00fcbernimmt daher keine Garantie f\u00fcr die Richtigkeit und Aktualit\u00e4t des Inhalts dieser Website und die auf dieser Website dargestellten Elemente werden den Nutzern ohne jegliche Garantie zur Verf\u00fcgung gestellt und begr\u00fcnden keinen Anspruch auf Schadenersatz.  <\/span><\/p>\n<h3><span style=\"font-weight: 400;\"><\/span><\/h3>\n<h3><span style=\"font-weight: 400;\">RECHTE AN GEISTIGEM EIGENTUM<\/span><\/h3>\n<p><span style=\"font-weight: 400;\">Der Inhalt der Seite <\/span><i><span style=\"font-weight: 400;\">www.imao-parfums.com<\/span><\/i><span style=\"font-weight: 400;\">  wie Daten, Informationen, Marken, Illustrationen, Logos, Videos, 3D-Animationen ist durch das Urheberrecht und andere Rechte an geistigem Eigentum gesch\u00fctzt.<br \/>\nJede Kopie, \u00dcbersetzung, Darstellung, Anpassung, vollst\u00e4ndige oder teilweise Verbreitung des Inhalts der Website ist mit Ausnahme einer einzigen Kopie, die ausschlie\u00dflich f\u00fcr den privaten Gebrauch des Kopisten bestimmt ist, rechtswidrig. <\/span><\/p>\n<h3><span style=\"font-weight: 400;\"><\/span><\/h3>\n<h3><span style=\"font-weight: 400;\">PERS\u00d6NLICHE DATEN<\/span><\/h3>\n<p><span style=\"font-weight: 400;\">Die Informationen und Daten, die Sie betreffen, sind f\u00fcr die Bearbeitung Ihrer Bestellung und f\u00fcr unsere Gesch\u00e4ftsbeziehungen erforderlich.<br \/>\nAlle pers\u00f6nlichen Daten, die gesammelt werden, werden streng vertraulich behandelt.<br \/>\nGem\u00e4\u00df den Bestimmungen des franz\u00f6sischen Datenschutzgesetzes vom 6. Januar 1978 haben Sie ein Recht auf Einspruch, Zugang, Berichtigung und L\u00f6schung der Sie betreffenden Daten.<br \/>\nDieses Recht k\u00f6nnen Sie aus\u00fcben, indem Sie uns per E-Mail an die Adresse www.imao-parfums.com oder per Post an die oben genannte Adresse schreiben, wobei Sie uns gegebenenfalls den Namen Ihres Unternehmens sowie Ihren Namen, Vornamen, Ihre E-Mail-Adresse und Ihre Postanschrift mitteilen.   <\/span><\/p>\n<h3><span style=\"font-weight: 400;\"><\/span><\/h3>\n<h3><span style=\"font-weight: 400;\">COOKIES<\/span><\/h3>\n<p><span style=\"font-weight: 400;\">Unsere Website verwendet &#8222;Cookies&#8220; oder Login-Cookies.<br \/>\nEin Cookie erm\u00f6glicht es uns nicht, Sie zu identifizieren, aber es speichert Informationen \u00fcber die Navigation Ihres Computers auf unserer Website, um die Sitzungsparameter w\u00e4hrend Ihrer Verbindung festzulegen.<br \/>\nWir m\u00f6chten Sie darauf hinweisen, dass Sie das Speichern von Cookies verhindern k\u00f6nnen, indem Sie Ihren Computer entsprechend den Einstellungen Ihres Browsers konfigurieren.  <\/span><\/p>\n<h3><span style=\"font-weight: 400;\"><\/span><\/h3>\n<h3><span style=\"font-weight: 400;\">HYPERLINKS<\/span><\/h3>\n<p><span style=\"font-weight: 400;\">Die Website www.imao-parfums.com kann Links zu Websites Dritter enthalten.<br \/>\nDie Firma Tensio-Actifs \u00fcbt keine Kontrolle \u00fcber diese Websites aus und kann in keinem Fall f\u00fcr den Inhalt dieser Websites, f\u00fcr \u00c4nderungen oder Aktualisierungen, die sie vornehmen k\u00f6nnen, f\u00fcr ihre Zug\u00e4nglichkeit oder f\u00fcr die eventuelle Sammlung und \u00dcbertragung von pers\u00f6nlichen Daten, die Installation von Cookies oder jedes andere Verfahren mit demselben Ziel, das von diesen Websites durchgef\u00fchrt wird, haftbar gemacht werden.<br \/>\nDie Firma Tensio-Actifs erlaubt die Einrichtung eines Hypertext-Links nur zur ersten Seite dieser Website nach Zustimmung der Firma Tensio-Actifs.<br \/>\nDie Einrichtung eines Hypertext-Links zu den zugrunde liegenden Seiten bedarf der vorherigen schriftlichen Genehmigung durch Tensio-Actifs.<br \/>\nOhne besondere Genehmigung muss der Link in einem neuen Fenster erscheinen und die Seiten der Website www.imao-parfums.com d\u00fcrfen keinesfalls in die Seiten einer anderen Website integriert werden.    <\/span><\/p>\n<h3><span style=\"font-weight: 400;\"><\/span><\/h3>\n<h3><span style=\"font-weight: 400;\">BESCHR\u00c4NKUNG DER HAFTUNG<\/span><\/h3>\n<p><span style=\"font-weight: 400;\">Die Firma Tensio-Actifs beh\u00e4lt sich das Recht vor, den Inhalt ihrer Website jederzeit ohne Vorank\u00fcndigung zu aktualisieren, zu \u00e4ndern oder zu korrigieren.<br \/>\nDie Firma Tensio-Aktiv gibt keine ausdr\u00fccklichen oder stillschweigenden Garantien und \u00fcbernimmt keine Verantwortung f\u00fcr die Nutzung der Informationen und Materialien auf der Website.<br \/>\nDer Nutzer ist allein verantwortlich f\u00fcr die Nutzung der Elemente und Informationen.<br \/>\nIn keinem Fall k\u00f6nnen die Firma Tensio-Actifs und Dritte, die auf ihrer Website erw\u00e4hnt werden, im Rahmen einer vertraglichen, deliktischen oder sonstigen Haftung f\u00fcr direkte oder indirekte Sch\u00e4den jeglicher Art oder f\u00fcr Sch\u00e4den, insbesondere finanzieller oder kommerzieller Art, die sich aus der Nutzung ihrer Website oder jeglicher auf ihrer Website erhaltener Informationen ergeben, haftbar gemacht werden.<br \/>\nDie Firma Tensio-Actifs garantiert nicht, dass die auf der Website verwendete Software, die Informationen, die Online-Anwendungen oder die anderen \u00fcber die Website erbrachten Dienstleistungen fehlerfrei sind und dass der Betrieb der Website ohne Unterbrechung m\u00f6glich ist.<br \/>\nDie Firma Tensio-Actifs haftet nicht f\u00fcr die Kontaminierung des Computermaterials von Internetnutzern, die durch die Verbreitung eines Virus oder anderer Computerinfektionen verursacht wird.<br \/>\nEs obliegt dem Nutzer dieser Website, alle geeigneten Ma\u00dfnahmen zu ergreifen, um seine eigenen Daten und\/oder Software vor einer Kontamination durch m\u00f6gliche Viren zu sch\u00fctzen.      <\/span><\/p>\n<h3><span style=\"font-weight: 400;\"><\/span><\/h3>\n<h3><span style=\"font-weight: 400;\">GERICHTSSTAND UND ANWENDBARES RECHT<\/span><\/h3>\n<p><span style=\"font-weight: 400;\">Alle entstandenen oder entstehenden Streitigkeiten werden vor den franz\u00f6sischen Gerichten verhandelt und unterliegen den allgemeinen Regeln des franz\u00f6sischen Rechts.<br \/>\nSollte eine der Bestimmungen dieser Mitteilung aus irgendeinem Grund als illegal, nichtig oder nicht durchsetzbar angesehen werden, so hat dies keinen Einfluss auf die G\u00fcltigkeit oder Durchsetzbarkeit der \u00fcbrigen Bestimmungen. <\/span><\/p>\n<p>&nbsp;<\/p>\n<p>[\/et_pb_text][\/et_pb_column][\/et_pb_row][\/et_pb_section]<\/p>\n","protected":false},"excerpt":{"rendered":"<p>Rechtliche Hinweise imao parfums\u00ae, AIRO\u00ae und J&amp;M Fragrance sind Marken von Tensio-Active. imao parfums\u00ae und AIRO\u00ae sind eingetragene Marken. . Dieser Hinweis soll die Modalit\u00e4ten festlegen, nach denen die Firma Tensio-Actifs ihre Website www.imao-parfums.com zur Verf\u00fcgung stellt und die Bedingungen, unter denen Internetnutzer auf diese Website zugreifen und sie nutzen. Nach Kenntnisnahme dieser rechtlichen Hinweise bedeutet der Zugriff und die Nutzung der Website, dass der Nutzer diesen rechtlichen Hinweisen zustimmt. Die Firma Tensio-Actifs beh\u00e4lt sich das Recht vor, diesen Hinweis jederzeit zu \u00e4ndern oder zu aktualisieren, um ihn an die Entwicklungen der Website und\/oder ihrer Nutzung anzupassen. PUBLIKATION Unternehmen Tensio-Aktiva 7 rue Edison69500 Bron Tel: +33 4 78 85 00 84 Fax: +33 4 78 79 26 32 Siret: 43342583200030 UNTERKUNFT Unternehmen OVH : SAS mit einem Kapital von 10.069.020 \u20ac. RCS Lille M\u00e9tropole 424 761 419 00045 APE-Code 2620Z MWST.-NR.: FR 22 424 761 419 Eingetragener Sitz: 2 rue Kellermann &#8211; 59100 Roubaix &#8211; Frankreich INHALT Die Firma Tenso-Aktiv wendet bei der Erstellung und Pflege dieser Website besondere Sorgfalt an und achtet auf die Richtigkeit und Aktualit\u00e4t ihres Inhalts. Dennoch k\u00f6nnen die auf dieser Website dargestellten Elemente ohne vorherige Ank\u00fcndigung h\u00e4ufig ge\u00e4ndert werden. Die Firma Tensio-Actifs \u00fcbernimmt daher keine [&hellip;]<\/p>\n","protected":false},"author":7,"featured_media":0,"parent":0,"menu_order":0,"comment_status":"closed","ping_status":"closed","template":"","meta":{"_seopress_robots_primary_cat":"","_seopress_titles_title":"","_seopress_titles_desc":"","_seopress_robots_index":"","_et_pb_use_builder":"on","_et_pb_old_content":"","_et_gb_content_width":"","inline_featured_image":false,"footnotes":"","_links_to":"","_links_to_target":""},"class_list":["post-3919","page","type-page","status-publish","hentry"],"_links":{"self":[{"href":"https:\/\/www.tensio-actifs.com\/de\/wp-json\/wp\/v2\/pages\/3919","targetHints":{"allow":["GET"]}}],"collection":[{"href":"https:\/\/www.tensio-actifs.com\/de\/wp-json\/wp\/v2\/pages"}],"about":[{"href":"https:\/\/www.tensio-actifs.com\/de\/wp-json\/wp\/v2\/types\/page"}],"author":[{"embeddable":true,"href":"https:\/\/www.tensio-actifs.com\/de\/wp-json\/wp\/v2\/users\/7"}],"replies":[{"embeddable":true,"href":"https:\/\/www.tensio-actifs.com\/de\/wp-json\/wp\/v2\/comments?post=3919"}],"version-history":[{"count":2,"href":"https:\/\/www.tensio-actifs.com\/de\/wp-json\/wp\/v2\/pages\/3919\/revisions"}],"predecessor-version":[{"id":3921,"href":"https:\/\/www.tensio-actifs.com\/de\/wp-json\/wp\/v2\/pages\/3919\/revisions\/3921"}],"wp:attachment":[{"href":"https:\/\/www.tensio-actifs.com\/de\/wp-json\/wp\/v2\/media?parent=3919"}],"curies":[{"name":"wp","href":"https:\/\/api.w.org\/{rel}","templated":true}]}}